{"id":1025,"date":"2025-10-22T09:36:48","date_gmt":"2025-10-22T09:36:48","guid":{"rendered":"https:\/\/sipeia.it\/?page_id=1025"},"modified":"2025-10-22T10:14:45","modified_gmt":"2025-10-22T10:14:45","slug":"convegno-sipeia-2026","status":"publish","type":"page","link":"https:\/\/sipeia.it\/?page_id=1025","title":{"rendered":"Convegno SIpEIA 2026"},"content":{"rendered":"\n<h2 class=\"wp-block-heading has-text-align-center has-text-color\" style=\"color:#204c8d\">Convegno SIpEIA 2026<\/h2>\n\n\n\n<h4 class=\"wp-block-heading has-text-align-center has-text-color has-medium-font-size\" style=\"color:#696969\">Etiche per l\u2019IA: sfide, opportunit\u00e0 e prospettive umano-centriche<\/h4>\n\n\n\n<p class=\"has-text-align-center has-medium-font-size\"><em><strong>2-3 febbraio 2026<\/strong><\/em><\/p>\n\n\n\n<div style=\"height:30px\" aria-hidden=\"true\" class=\"wp-block-spacer\"><\/div>\n\n\n\n<p class=\"has-text-align-center\" style=\"font-size:18px;font-style:normal;font-weight:500;text-transform:uppercase\">Aula di Geografia<\/p>\n\n\n\n<p class=\"has-text-align-center\" style=\"font-size:15px;font-style:normal;font-weight:600\">Sapienza Universit\u00e0 di Roma<\/p>\n\n\n\n<p class=\"has-text-align-center\" style=\"font-size:15px\">Facolt\u00e0 di Lettere e Filosofia<\/p>\n\n\n\n<p class=\"has-text-align-center has-small-font-size\">piazzale Aldo Moro, 5 &#8211; Roma<\/p>\n\n\n\n<div style=\"height:30px\" aria-hidden=\"true\" class=\"wp-block-spacer\"><\/div>\n\n\n\n<p>L\u2019Intelligenza Artificiale (IA) \u00e8 una tecnologia in rapida evoluzione, sempre pi\u00f9 diffusa e in grado di influenzare i processi sociali, culturali e politici del nostro tempo. \u00c8 ormai evidente come questa trasformazione ponga alcuni interrogativi etici urgenti. L\u2019approccio etico all\u2019IA, infatti, pu\u00f2 essere una guida per la regolamentazione, elemento di crescente importanza in questo ambito. Il convegno SIpEIA 2026 intende offrire uno spazio di confronto multidisciplinare sulle implicazioni etiche dell\u2019IA, senza indulgere ad allarmismi n\u00e9 a forme di determinismo tecnologico. L\u2019obiettivo principale del convegno \u00e8 di promuovere una prospettiva critico-costruttiva, che guidi l\u2019applicazione delle tecnologie intelligenti verso una visione umano- centrica. Questa prospettiva si pone in linea con la missione di SIpEIA, che punta a favorire il dibattito etico e normativo sull\u2019IA.<\/p>\n\n\n\n<p><strong>Aree tematiche<br><\/strong>Il convegno si strutturer\u00e0 in panel tematici relativi alle seguenti aree di interesse, senza tuttavia escludere ulteriori approcci in chiave interdisciplinare:<\/p>\n\n\n\n<ul>\n<li>IA, epistemologia e ontologia<\/li>\n\n\n\n<li>Creativit\u00e0: arti, media e narrazione<\/li>\n\n\n\n<li>Educazione e sostenibilit\u00e0<\/li>\n\n\n\n<li>Diritto, regolazione e responsabilit\u00e0<\/li>\n\n\n\n<li>Etica applicata e bioetica<\/li>\n\n\n\n<li>Diritti umani<\/li>\n\n\n\n<li>Democrazia e processi politici<\/li>\n<\/ul>\n\n\n\n<div style=\"height:20px\" aria-hidden=\"true\" class=\"wp-block-spacer\"><\/div>\n\n\n\n<div class=\"wp-block-buttons is-content-justification-center is-layout-flex wp-container-1 wp-block-buttons-is-layout-flex\">\n<div class=\"wp-block-button\"><a class=\"wp-block-button__link has-background wp-element-button\" href=\"https:\/\/sipeia.it\/?p=821\" style=\"background-color:#204c8d\">Call for Papers<\/a><\/div>\n<\/div>\n\n\n\n<div style=\"height:20px\" aria-hidden=\"true\" class=\"wp-block-spacer\"><\/div>\n\n\n\n<h2 class=\"wp-block-heading has-text-align-center has-medium-font-size\"><strong>Keynote Speaker confermati<\/strong><\/h2>\n\n\n\n<p class=\"has-text-align-center\" style=\"font-size:16px\">Sanmay Das (Virginia Tech)<\/p>\n\n\n\n<p class=\"has-text-align-center\" style=\"font-size:16px\">Daniel Innerarity (AI and Democracy Chair &#8211; EUI) <\/p>\n\n\n\n<p class=\"has-text-align-center\" style=\"font-size:16px\">Francesca Rossi (IBM Fellow and&nbsp;<em>Global Leader for Responsible AI and AI Governance<\/em>)<\/p>\n\n\n\n<div style=\"height:30px\" aria-hidden=\"true\" class=\"wp-block-spacer\"><\/div>\n\n\n\n<p class=\"has-text-align-center\">Location: <a href=\"https:\/\/www.google.com\/maps\/place\/Sapienza+Universit%C3%A0+di+Roma+-+Facolt%C3%A0+di+Lettere+e+Filosofia\/@41.9022553,12.5128155,586m\/data=!3m1!1e3!4m6!3m5!1s0x132f619b5c680d57:0xdb5cc1c5c5262fe2!8m2!3d41.9022553!4d12.5153904!16s%2Fg%2F11y0qrrfm?entry=ttu&amp;g_ep=EgoyMDI1MTAxNC4wIKXMDSoASAFQAw%3D%3D\">Sapienza Universit\u00e0 di Roma &#8211; Facolt\u00e0 di Lettere e Filosofia &#8211; Google Maps<\/a><\/p>\n","protected":false},"excerpt":{"rendered":"<p>Convegno SIpEIA 2026 Etiche per l\u2019IA: sfide, opportunit\u00e0 e prospettive umano-centriche 2-3 febbraio 2026 Aula di Geografia Sapienza Universit\u00e0 di Roma Facolt\u00e0 di Lettere e Filosofia piazzale Aldo Moro, 5 &#8211; Roma L\u2019Intelligenza Artificiale (IA) \u00e8 una tecnologia in rapida evoluzione, sempre pi\u00f9 diffusa e in grado di influenzare i processi sociali, culturali e politici <a href=\"https:\/\/sipeia.it\/?page_id=1025\" class=\"more-link\">[&hellip;]<\/a><\/p>\n","protected":false},"author":5,"featured_media":0,"parent":0,"menu_order":0,"comment_status":"closed","ping_status":"closed","template":"","meta":{"footnotes":""},"_links":{"self":[{"href":"https:\/\/sipeia.it\/index.php?rest_route=\/wp\/v2\/pages\/1025"}],"collection":[{"href":"https:\/\/sipeia.it\/index.php?rest_route=\/wp\/v2\/pages"}],"about":[{"href":"https:\/\/sipeia.it\/index.php?rest_route=\/wp\/v2\/types\/page"}],"author":[{"embeddable":true,"href":"https:\/\/sipeia.it\/index.php?rest_route=\/wp\/v2\/users\/5"}],"replies":[{"embeddable":true,"href":"https:\/\/sipeia.it\/index.php?rest_route=%2Fwp%2Fv2%2Fcomments&post=1025"}],"version-history":[{"count":26,"href":"https:\/\/sipeia.it\/index.php?rest_route=\/wp\/v2\/pages\/1025\/revisions"}],"predecessor-version":[{"id":1076,"href":"https:\/\/sipeia.it\/index.php?rest_route=\/wp\/v2\/pages\/1025\/revisions\/1076"}],"wp:attachment":[{"href":"https:\/\/sipeia.it\/index.php?rest_route=%2Fwp%2Fv2%2Fmedia&parent=1025"}],"curies":[{"name":"wp","href":"https:\/\/api.w.org\/{rel}","templated":true}]}}