{"id":1083,"date":"2025-10-23T11:14:10","date_gmt":"2025-10-23T11:14:10","guid":{"rendered":"https:\/\/sipeia.it\/?page_id=1083"},"modified":"2025-10-24T08:54:40","modified_gmt":"2025-10-24T08:54:40","slug":"sede-del-convegno","status":"publish","type":"page","link":"https:\/\/sipeia.it\/?page_id=1083","title":{"rendered":"Sede del Convegno"},"content":{"rendered":"\n<p class=\"has-text-align-center\">Sapienza Universit\u00e0 di Roma<\/p>\n\n\n\n<p class=\"has-text-align-center\"><strong>AULA DI GEOGRAFIA<\/strong> <\/p>\n\n\n\n<p class=\"has-text-align-center\">Facolt\u00e0 di Lettere e Filosofia<\/p>\n\n\n\n<p class=\"has-text-align-center\"><a href=\"https:\/\/maps.app.goo.gl\/s2DVoqcenevcsRGi7\" data-type=\"link\" data-id=\"https:\/\/maps.app.goo.gl\/s2DVoqcenevcsRGi7\">Piazzale Aldo Moro, 5 &#8211; Roma (RM)<\/a><\/p>\n\n\n<div class=\"wp-block-image\">\n<figure class=\"aligncenter size-full is-resized\"><img decoding=\"async\" loading=\"lazy\" width=\"1000\" height=\"853\" src=\"https:\/\/sipeia.it\/wp-content\/uploads\/2025\/10\/no2-citta-universitaria-ingresso.jpg\" alt=\"\" class=\"wp-image-1084\" style=\"aspect-ratio:1.1723329425556859;width:526px;height:auto\" title=\"Entrata Principale Facolt\u00e0 di Lettere e Filosofia, Piazzale Aldo Moro, 5\" srcset=\"https:\/\/sipeia.it\/wp-content\/uploads\/2025\/10\/no2-citta-universitaria-ingresso.jpg 1000w, https:\/\/sipeia.it\/wp-content\/uploads\/2025\/10\/no2-citta-universitaria-ingresso-300x256.jpg 300w, https:\/\/sipeia.it\/wp-content\/uploads\/2025\/10\/no2-citta-universitaria-ingresso-768x655.jpg 768w\" sizes=\"(max-width: 1000px) 100vw, 1000px\" \/><figcaption class=\"wp-element-caption\">Ingresso Principale Facolt\u00e0 di Lettere e Filosofia, <br>Sapienza Universit\u00e0 di Roma, Piazzale Aldo Moro, 5<\/figcaption><\/figure><\/div>\n\n\n<p class=\"has-text-align-center\">Link utili:<\/p>\n\n\n\n<p class=\"has-text-align-center\"><a href=\"https:\/\/web.uniroma1.it\/gareappalti\/sites\/default\/files\/Allegato_Elenco_Aule.pdf\">Elenco aule Sapienza<\/a><\/p>\n\n\n\n<p class=\"has-text-align-center\"><a href=\"https:\/\/www.uniroma1.it\/sites\/default\/files\/PIANTA_LEGENDA_DEF_AGG_040414_1.pdf\" data-type=\"link\" data-id=\"https:\/\/www.uniroma1.it\/sites\/default\/files\/PIANTA_LEGENDA_DEF_AGG_040414_1.pdf\">Mappa Citt\u00e0 Universitaria<\/a><\/p>\n","protected":false},"excerpt":{"rendered":"<p>Sapienza Universit\u00e0 di Roma AULA DI GEOGRAFIA Facolt\u00e0 di Lettere e Filosofia Piazzale Aldo Moro, 5 &#8211; Roma (RM) Link utili: Elenco aule Sapienza Mappa Citt\u00e0 Universitaria<\/p>\n","protected":false},"author":5,"featured_media":0,"parent":0,"menu_order":0,"comment_status":"closed","ping_status":"closed","template":"","meta":{"footnotes":""},"_links":{"self":[{"href":"https:\/\/sipeia.it\/index.php?rest_route=\/wp\/v2\/pages\/1083"}],"collection":[{"href":"https:\/\/sipeia.it\/index.php?rest_route=\/wp\/v2\/pages"}],"about":[{"href":"https:\/\/sipeia.it\/index.php?rest_route=\/wp\/v2\/types\/page"}],"author":[{"embeddable":true,"href":"https:\/\/sipeia.it\/index.php?rest_route=\/wp\/v2\/users\/5"}],"replies":[{"embeddable":true,"href":"https:\/\/sipeia.it\/index.php?rest_route=%2Fwp%2Fv2%2Fcomments&post=1083"}],"version-history":[{"count":7,"href":"https:\/\/sipeia.it\/index.php?rest_route=\/wp\/v2\/pages\/1083\/revisions"}],"predecessor-version":[{"id":1135,"href":"https:\/\/sipeia.it\/index.php?rest_route=\/wp\/v2\/pages\/1083\/revisions\/1135"}],"wp:attachment":[{"href":"https:\/\/sipeia.it\/index.php?rest_route=%2Fwp%2Fv2%2Fmedia&parent=1083"}],"curies":[{"name":"wp","href":"https:\/\/api.w.org\/{rel}","templated":true}]}}