{"id":1110,"date":"2025-10-23T11:40:46","date_gmt":"2025-10-23T11:40:46","guid":{"rendered":"https:\/\/sipeia.it\/?page_id=1110"},"modified":"2026-01-16T09:21:22","modified_gmt":"2026-01-16T09:21:22","slug":"il-convegno","status":"publish","type":"page","link":"https:\/\/sipeia.it\/?page_id=1110","title":{"rendered":"Il Convegno"},"content":{"rendered":"\n<p class=\"has-text-align-center has-text-color has-large-font-size\" style=\"color:#204c8d\"><strong>Convegno SIpEIA 2026<\/strong><\/p>\n\n\n\n<h4 class=\"wp-block-heading has-text-align-center has-text-color has-medium-font-size\" style=\"color:#696969\">Etiche per l\u2019IA: sfide, opportunit\u00e0 e prospettive umano-centriche<\/h4>\n\n\n\n<p class=\"has-text-align-center has-medium-font-size\"><em><strong>2-3 febbraio 2026<\/strong><\/em><\/p>\n\n\n\n<p class=\"has-text-align-center\" style=\"font-size:18px;font-style:normal;font-weight:500;text-transform:uppercase\">facolt\u00e0 di lettere e filosofia<\/p>\n\n\n\n<p class=\"has-text-align-center\" style=\"font-size:15px\">Sapienza Universit\u00e0 di Roma<\/p>\n\n\n\n<p class=\"has-text-align-center has-small-font-size\">piazzale Aldo Moro, 5 &#8211; Roma<\/p>\n\n\n\n<div style=\"height:30px\" aria-hidden=\"true\" class=\"wp-block-spacer\"><\/div>\n\n\n\n<p>L\u2019Intelligenza Artificiale (IA) \u00e8 una tecnologia in rapida evoluzione, sempre pi\u00f9 diffusa e in grado di influenzare i processi sociali, culturali e politici del nostro tempo. \u00c8 ormai evidente come questa trasformazione ponga alcuni interrogativi etici urgenti. L\u2019approccio etico all\u2019IA, infatti, pu\u00f2 essere una guida per la regolamentazione, elemento di crescente importanza in questo ambito. Il convegno SIpEIA 2026 intende offrire uno spazio di confronto multidisciplinare sulle implicazioni etiche dell\u2019IA, senza indulgere ad allarmismi n\u00e9 a forme di determinismo tecnologico. L\u2019obiettivo principale del convegno \u00e8 di promuovere una prospettiva critico-costruttiva, che guidi l\u2019applicazione delle tecnologie intelligenti verso una visione umano- centrica. Questa prospettiva si pone in linea con la missione di SIpEIA, che punta a favorire il dibattito etico e normativo sull\u2019IA. <\/p>\n\n\n\n<p><strong>Aree tematiche<br><\/strong>Il convegno si strutturer\u00e0 in panel tematici relativi alle seguenti aree di interesse, senza tuttavia escludere ulteriori approcci in chiave interdisciplinare:<\/p>\n\n\n\n<ul>\n<li>Epistemologia e affidabilit\u00e0<\/li>\n\n\n\n<li>Creativit\u00e0 e immaginario<\/li>\n\n\n\n<li>Educazione e sostenibilit\u00e0<\/li>\n\n\n\n<li>Diritto e governance<\/li>\n\n\n\n<li>Responsabilit\u00e0 e cura<\/li>\n\n\n\n<li>Societ\u00e0 e democrazia<\/li>\n<\/ul>\n\n\n\n<div class=\"wp-block-buttons is-content-justification-center is-layout-flex wp-container-1 wp-block-buttons-is-layout-flex\">\n<div class=\"wp-block-button\"><a class=\"wp-block-button__link has-background wp-element-button\" href=\"https:\/\/sipeia.it\/?p=821\" style=\"background-color:#204c8d\">Call for Abstracts<\/a><\/div>\n<\/div>\n","protected":false},"excerpt":{"rendered":"<p>Convegno SIpEIA 2026 Etiche per l\u2019IA: sfide, opportunit\u00e0 e prospettive umano-centriche 2-3 febbraio 2026 facolt\u00e0 di lettere e filosofia Sapienza Universit\u00e0 di Roma piazzale Aldo Moro, 5 &#8211; Roma L\u2019Intelligenza Artificiale (IA) \u00e8 una tecnologia in rapida evoluzione, sempre pi\u00f9 diffusa e in grado di influenzare i processi sociali, culturali e politici del nostro tempo. <a href=\"https:\/\/sipeia.it\/?page_id=1110\" class=\"more-link\">[&hellip;]<\/a><\/p>\n","protected":false},"author":5,"featured_media":0,"parent":0,"menu_order":0,"comment_status":"closed","ping_status":"closed","template":"","meta":{"footnotes":""},"_links":{"self":[{"href":"https:\/\/sipeia.it\/index.php?rest_route=\/wp\/v2\/pages\/1110"}],"collection":[{"href":"https:\/\/sipeia.it\/index.php?rest_route=\/wp\/v2\/pages"}],"about":[{"href":"https:\/\/sipeia.it\/index.php?rest_route=\/wp\/v2\/types\/page"}],"author":[{"embeddable":true,"href":"https:\/\/sipeia.it\/index.php?rest_route=\/wp\/v2\/users\/5"}],"replies":[{"embeddable":true,"href":"https:\/\/sipeia.it\/index.php?rest_route=%2Fwp%2Fv2%2Fcomments&post=1110"}],"version-history":[{"count":9,"href":"https:\/\/sipeia.it\/index.php?rest_route=\/wp\/v2\/pages\/1110\/revisions"}],"predecessor-version":[{"id":1371,"href":"https:\/\/sipeia.it\/index.php?rest_route=\/wp\/v2\/pages\/1110\/revisions\/1371"}],"wp:attachment":[{"href":"https:\/\/sipeia.it\/index.php?rest_route=%2Fwp%2Fv2%2Fmedia&parent=1110"}],"curies":[{"name":"wp","href":"https:\/\/api.w.org\/{rel}","templated":true}]}}