{"id":1396,"date":"2026-01-22T18:51:48","date_gmt":"2026-01-22T18:51:48","guid":{"rendered":"https:\/\/sipeia.it\/?page_id=1396"},"modified":"2026-01-31T11:29:16","modified_gmt":"2026-01-31T11:29:16","slug":"panel-creativita-e-immaginario","status":"publish","type":"page","link":"https:\/\/sipeia.it\/?page_id=1396","title":{"rendered":"Panel creativit\u00e0 e immaginario"},"content":{"rendered":"\n<p class=\"has-text-align-center\"><strong>Panel &#8220;Creativit\u00e0 e immaginario&#8221;<\/strong><\/p>\n\n\n\n<div style=\"height:20px\" aria-hidden=\"true\" class=\"wp-block-spacer\"><\/div>\n\n\n\n<p>Tra le linee pi\u00f9 innovative del convegno SIpEIA 2026 c\u2019\u00e8 quella che indaga i rapporti tra intelligenza artificiale, immaginario e creativit\u00e0. Si tratta, in sostanza, di capire come noi parliamo dell\u2019IA e come l\u2019IA parla di noi, ossia come rappresenta il mondo. In un articolo del 2023 dal titolo <em>Poetry Will Not Optimize; or, What Is Literature to AI?<\/em>, Michele Elam faceva notare l\u2019importanza dell\u2019immaginario nella nostra societ\u00e0 e di conseguenza la necessit\u00e0 di porre attenzione all\u2019interazione tra IA e narrazioni. In un mondo in cui tutto \u00e8 storytelling, le forme e i contenuti delle narrazioni assumono una grande rilevanza politica, economica e culturale, orientando le nostre idee e dando forma al nostro pensiero. Per questo motivo indagare come l\u2019IA entra nell\u2019immaginario collettivo e come vi agisce attraverso la generazione di nuove narrazioni diventa un elemento imprescindibile per l\u2019etica dell\u2019intelligenza artificiale.<\/p>\n\n\n\n<p>I contributi della linea \u201cCreativit\u00e0 e immaginario\u201d del convegno SIpEIA 2026 puntano a sciogliere questi nodi in maniera analitica, attraverso l\u2019osservazione attenta e ravvicinata dei fenomeni culturali e comunicativi che nascono e si sviluppano a contatto con i sistemi di intelligenza artificiale. Si vedr\u00e0, per esempio, sul lato creativo, come gli artisti e le artiste che utilizzano l\u2019IA nella loro produzione spesso ingaggino uno scontro dialettico con questi sistemi, utilizzando il processo creativo come banco di prova dell\u2019IA e come spazio di contronarrazione. Vari interventi mostrano come l\u2019interazione tra creativit\u00e0 umana e narrazioni artificiali determini uno scontro produttivo, che porta allo scoperto le falle rappresentazionali dei sistemi, che sono, in fondo, anche le nostre. Un altro punto cruciale che verr\u00e0 trattato \u00e8 la necessit\u00e0 di integrare nei sistemi di IA l\u2019idea di ambiguit\u00e0, elemento centrale del pensiero umano. Allo stesso tempo si vedr\u00e0 in che modo l\u2019IA sta contribuendo nelle pratiche artistiche, con esempi dal cinema, dalle serie TV, dalla poesia e dalla letteratura: un vero e proprio nuovo sperimentalismo creativo che ruota attorno alle capacit\u00e0 generative dell\u2019IA.<\/p>\n\n\n\n<p>Dall\u2019altro lato, vedremo le modalit\u00e0 attraverso le quali l\u2019IA oggi \u00e8 raccontata da noi. Si tratta un passaggio fondamentale, perch\u00e9 dal tipo di narrazione dipende la percezione dell\u2019opinione pubblica, il grado di accettazione e la possibilit\u00e0 di costruire una vera consapevolezza. Gli interventi della linea \u201cCreativit\u00e0 e immaginario\u201d puntano a decostruire le narrazioni stereotipate sull\u2019IA, cercando di smontare la polarizzazione tra entusiasti e apocalittici, frutto di interpretazioni storicamente radicate, ma errate: da una parte abbiamo la visione oracolare della tecnologia, secondo la quale i dati rappresentano verit\u00e0 assolute, dall\u2019altra abbiamo il mito della ribellione della macchina. Andando un po\u2019 pi\u00f9 a fondo, si pu\u00f2 vedere come la prima sia stata confutata dall\u2019etica dei dati, che ci dice che i dati non sono rappresentazioni neutre del mondo, ma portano in s\u00e9 lo sguardo e il posizionamento di chi li seleziona; dall\u2019altra parte, sar\u00e0 facile intuire che il mito della ribellione delle macchine \u00e8 un elemento prettamente letterario, afferente al genere della fantascienza, che poco ha a che fare con gli sviluppi reali dell\u2019IA che stiamo vivendo.<\/p>\n\n\n\n<p>Immaginario e creativit\u00e0 si pongono dunque come banchi di prova indispensabili per l\u2019etica dell\u2019IA, al fine di ricostruire una rappresentazione pi\u00f9 articolata e veritiera di queste tecnologie.&nbsp; Narrare ed essere narrati dall\u2019intelligenza artificiale in modo corretto \u00e8 il primo passo per approcciarsi ad essa con la consapevolezza necessaria per garantire esattezza e uguaglianza.<\/p>\n\n\n\n<p><\/p>\n\n\n\n<p class=\"has-text-align-right\"><em>Daniel Raffini<\/em><\/p>\n","protected":false},"excerpt":{"rendered":"<p>Panel &#8220;Creativit\u00e0 e immaginario&#8221; Tra le linee pi\u00f9 innovative del convegno SIpEIA 2026 c\u2019\u00e8 quella che indaga i rapporti tra intelligenza artificiale, immaginario e creativit\u00e0. Si tratta, in sostanza, di capire come noi parliamo dell\u2019IA e come l\u2019IA parla di noi, ossia come rappresenta il mondo. In un articolo del 2023 dal titolo Poetry Will <a href=\"https:\/\/sipeia.it\/?page_id=1396\" class=\"more-link\">[&hellip;]<\/a><\/p>\n","protected":false},"author":5,"featured_media":0,"parent":1386,"menu_order":0,"comment_status":"closed","ping_status":"closed","template":"","meta":{"footnotes":""},"_links":{"self":[{"href":"https:\/\/sipeia.it\/index.php?rest_route=\/wp\/v2\/pages\/1396"}],"collection":[{"href":"https:\/\/sipeia.it\/index.php?rest_route=\/wp\/v2\/pages"}],"about":[{"href":"https:\/\/sipeia.it\/index.php?rest_route=\/wp\/v2\/types\/page"}],"author":[{"embeddable":true,"href":"https:\/\/sipeia.it\/index.php?rest_route=\/wp\/v2\/users\/5"}],"replies":[{"embeddable":true,"href":"https:\/\/sipeia.it\/index.php?rest_route=%2Fwp%2Fv2%2Fcomments&post=1396"}],"version-history":[{"count":6,"href":"https:\/\/sipeia.it\/index.php?rest_route=\/wp\/v2\/pages\/1396\/revisions"}],"predecessor-version":[{"id":1476,"href":"https:\/\/sipeia.it\/index.php?rest_route=\/wp\/v2\/pages\/1396\/revisions\/1476"}],"up":[{"embeddable":true,"href":"https:\/\/sipeia.it\/index.php?rest_route=\/wp\/v2\/pages\/1386"}],"wp:attachment":[{"href":"https:\/\/sipeia.it\/index.php?rest_route=%2Fwp%2Fv2%2Fmedia&parent=1396"}],"curies":[{"name":"wp","href":"https:\/\/api.w.org\/{rel}","templated":true}]}}