{"id":1430,"date":"2026-01-30T15:15:52","date_gmt":"2026-01-30T15:15:52","guid":{"rendered":"https:\/\/sipeia.it\/?page_id=1430"},"modified":"2026-01-31T09:46:59","modified_gmt":"2026-01-31T09:46:59","slug":"link-lezione-monsignor-vincenzo-paglia","status":"publish","type":"page","link":"https:\/\/sipeia.it\/?page_id=1430","title":{"rendered":"Link Lezione &#8211; Monsignor Vincenzo Paglia"},"content":{"rendered":"\n<p>Mons. Vincenzo PAGLIA &#8211; &#8220;L\u2019umano nell\u2019era dell\u2019IA: responsabilit\u00e0, dignit\u00e0, bene comune&#8221;<\/p>\n\n\n\n<div style=\"height:20px\" aria-hidden=\"true\" class=\"wp-block-spacer\"><\/div>\n\n\n\n<p>Marted\u00ec, 3 febbraio \u00b7 4:30 &#8211; 6:30PM<br>Fuso orario: Europe\/Rome<br>Informazioni per partecipare di Google Meet<br>Link alla videochiamata:&nbsp;<a rel=\"noreferrer noopener\" href=\"https:\/\/meet.google.com\/jge-nrec-ibi\" target=\"_blank\">https:\/\/meet.google.com\/jge-nrec-ibi<\/a><br>Oppure digita: ??(IT) +39 02 8732 3850\u202c <\/p>\n\n\n\n<p>PIN: ??596 852 289\u202c#<br>Altri numeri di telefono:&nbsp;<a rel=\"noreferrer noopener\" href=\"https:\/\/tel.meet\/jge-nrec-ibi?pin=3795293056132\" target=\"_blank\">https:\/\/tel.meet\/jge-nrec-ibi?pin=3795293056132<\/a><\/p>\n","protected":false},"excerpt":{"rendered":"<p>Mons. Vincenzo PAGLIA &#8211; &#8220;L\u2019umano nell\u2019era dell\u2019IA: responsabilit\u00e0, dignit\u00e0, bene comune&#8221; Marted\u00ec, 3 febbraio \u00b7 4:30 &#8211; 6:30PMFuso orario: Europe\/RomeInformazioni per partecipare di Google MeetLink alla videochiamata:&nbsp;https:\/\/meet.google.com\/jge-nrec-ibiOppure digita: ??(IT) +39 02 8732 3850\u202c PIN: ??596 852 289\u202c#Altri numeri di telefono:&nbsp;https:\/\/tel.meet\/jge-nrec-ibi?pin=3795293056132<\/p>\n","protected":false},"author":5,"featured_media":0,"parent":1437,"menu_order":0,"comment_status":"closed","ping_status":"closed","template":"","meta":{"footnotes":""},"_links":{"self":[{"href":"https:\/\/sipeia.it\/index.php?rest_route=\/wp\/v2\/pages\/1430"}],"collection":[{"href":"https:\/\/sipeia.it\/index.php?rest_route=\/wp\/v2\/pages"}],"about":[{"href":"https:\/\/sipeia.it\/index.php?rest_route=\/wp\/v2\/types\/page"}],"author":[{"embeddable":true,"href":"https:\/\/sipeia.it\/index.php?rest_route=\/wp\/v2\/users\/5"}],"replies":[{"embeddable":true,"href":"https:\/\/sipeia.it\/index.php?rest_route=%2Fwp%2Fv2%2Fcomments&post=1430"}],"version-history":[{"count":2,"href":"https:\/\/sipeia.it\/index.php?rest_route=\/wp\/v2\/pages\/1430\/revisions"}],"predecessor-version":[{"id":1445,"href":"https:\/\/sipeia.it\/index.php?rest_route=\/wp\/v2\/pages\/1430\/revisions\/1445"}],"up":[{"embeddable":true,"href":"https:\/\/sipeia.it\/index.php?rest_route=\/wp\/v2\/pages\/1437"}],"wp:attachment":[{"href":"https:\/\/sipeia.it\/index.php?rest_route=%2Fwp%2Fv2%2Fmedia&parent=1430"}],"curies":[{"name":"wp","href":"https:\/\/api.w.org\/{rel}","templated":true}]}}